{"id":1583,"date":"2025-06-20T13:29:55","date_gmt":"2025-06-20T11:29:55","guid":{"rendered":"https:\/\/essenses.cz\/privacy-policy\/"},"modified":"2025-11-27T16:18:40","modified_gmt":"2025-11-27T15:18:40","slug":"privacy-policy","status":"publish","type":"page","link":"https:\/\/essenses.cz\/en\/privacy-policy\/","title":{"rendered":"Privacy Policy"},"content":{"rendered":"[vc_row type=&#8221;full_width_content&#8221; full_screen_row_position=&#8221;middle&#8221; column_margin=&#8221;default&#8221; equal_height=&#8221;yes&#8221; content_placement=&#8221;middle&#8221; column_direction=&#8221;default&#8221; column_direction_tablet=&#8221;default&#8221; column_direction_phone=&#8221;default&#8221; scene_position=&#8221;center&#8221; top_padding=&#8221;8%&#8221; bottom_padding=&#8221;10%&#8221; left_padding_desktop=&#8221;6%&#8221; constrain_group_2=&#8221;yes&#8221; right_padding_desktop=&#8221;6%&#8221; top_padding_tablet=&#8221;20%&#8221; top_padding_phone=&#8221;25%&#8221; text_color=&#8221;dark&#8221; text_align=&#8221;left&#8221; row_border_radius=&#8221;none&#8221; row_border_radius_applies=&#8221;bg&#8221; zindex=&#8221;100&#8243; overflow=&#8221;visible&#8221; advanced_gradient_angle=&#8221;0&#8243; overlay_strength=&#8221;0.3&#8243; gradient_direction=&#8221;left_to_right&#8221; shape_divider_position=&#8221;bottom&#8221; bg_image_animation=&#8221;fade-in&#8221; gradient_type=&#8221;default&#8221; shape_type=&#8221;&#8221;][vc_column column_padding=&#8221;no-extra-padding&#8221; column_padding_tablet=&#8221;inherit&#8221; column_padding_phone=&#8221;inherit&#8221; column_padding_position=&#8221;all&#8221; column_element_direction_desktop=&#8221;default&#8221; column_element_spacing=&#8221;default&#8221; desktop_text_alignment=&#8221;default&#8221; tablet_text_alignment=&#8221;default&#8221; phone_text_alignment=&#8221;default&#8221; background_color_opacity=&#8221;1&#8243; background_hover_color_opacity=&#8221;1&#8243; column_backdrop_filter=&#8221;none&#8221; column_shadow=&#8221;none&#8221; column_border_radius=&#8221;none&#8221; column_link_target=&#8221;_self&#8221; column_position=&#8221;default&#8221; advanced_gradient_angle=&#8221;0&#8243; gradient_direction=&#8221;left_to_right&#8221; overlay_strength=&#8221;0.3&#8243; width=&#8221;1\/1&#8243; tablet_width_inherit=&#8221;default&#8221; animation_type=&#8221;default&#8221; bg_image_animation=&#8221;none&#8221; border_type=&#8221;simple&#8221; column_border_width=&#8221;none&#8221; column_border_style=&#8221;solid&#8221; gradient_type=&#8221;default&#8221;][vc_row_inner equal_height=&#8221;yes&#8221; content_placement=&#8221;middle&#8221; column_margin=&#8221;default&#8221; column_direction=&#8221;default&#8221; column_direction_tablet=&#8221;default&#8221; column_direction_phone=&#8221;default&#8221; text_align=&#8221;left&#8221; row_position=&#8221;default&#8221; row_position_tablet=&#8221;inherit&#8221; row_position_phone=&#8221;inherit&#8221; overflow=&#8221;visible&#8221; pointer_events=&#8221;all&#8221;][vc_column_inner column_padding=&#8221;no-extra-padding&#8221; column_padding_tablet=&#8221;inherit&#8221; column_padding_phone=&#8221;inherit&#8221; column_padding_position=&#8221;all&#8221; bottom_margin_tablet=&#8221;20&#8243; column_element_direction_desktop=&#8221;default&#8221; column_element_spacing=&#8221;default&#8221; desktop_text_alignment=&#8221;default&#8221; tablet_text_alignment=&#8221;default&#8221; phone_text_alignment=&#8221;default&#8221; background_color_opacity=&#8221;1&#8243; background_hover_color_opacity=&#8221;1&#8243; column_backdrop_filter=&#8221;none&#8221; column_shadow=&#8221;none&#8221; column_border_radius=&#8221;none&#8221; column_link_target=&#8221;_self&#8221; overflow=&#8221;visible&#8221; advanced_gradient_angle=&#8221;0&#8243; gradient_direction=&#8221;left_to_right&#8221; overlay_strength=&#8221;0.3&#8243; width=&#8221;4\/5&#8243; tablet_width_inherit=&#8221;small_desktop&#8221; animation_type=&#8221;default&#8221; bg_image_animation=&#8221;none&#8221; border_type=&#8221;simple&#8221; column_border_width=&#8221;none&#8221; column_border_style=&#8221;solid&#8221; gradient_type=&#8221;default&#8221; offset=&#8221;vc_col-md-9&#8243;][split_line_heading animation_type=&#8221;twist-in&#8221; font_style=&#8221;h1&#8243; content_alignment=&#8221;default&#8221; mobile_content_alignment=&#8221;inherit&#8221; link_target=&#8221;_self&#8221; text_content=&#8221;Privacy Policy&#8221; font_size=&#8221;9vw&#8221; font_size_tablet=&#8221;9vw&#8221; font_size_phone=&#8221;10vw&#8221; text_direction=&#8221;default&#8221;][\/split_line_heading][\/vc_column_inner][\/vc_row_inner][\/vc_column][\/vc_row][vc_row type=&#8221;in_container&#8221; full_screen_row_position=&#8221;middle&#8221; column_margin=&#8221;default&#8221; column_direction=&#8221;default&#8221; column_direction_tablet=&#8221;default&#8221; column_direction_phone=&#8221;default&#8221; scene_position=&#8221;center&#8221; text_color=&#8221;dark&#8221; text_align=&#8221;left&#8221; row_border_radius=&#8221;none&#8221; row_border_radius_applies=&#8221;bg&#8221; overflow=&#8221;visible&#8221; overlay_strength=&#8221;0.3&#8243; gradient_direction=&#8221;left_to_right&#8221; shape_divider_position=&#8221;bottom&#8221; bg_image_animation=&#8221;none&#8221;][vc_column column_padding=&#8221;no-extra-padding&#8221; column_padding_tablet=&#8221;inherit&#8221; column_padding_phone=&#8221;inherit&#8221; column_padding_position=&#8221;all&#8221; column_element_direction_desktop=&#8221;default&#8221; column_element_spacing=&#8221;default&#8221; desktop_text_alignment=&#8221;default&#8221; tablet_text_alignment=&#8221;default&#8221; phone_text_alignment=&#8221;default&#8221; background_color_opacity=&#8221;1&#8243; background_hover_color_opacity=&#8221;1&#8243; column_backdrop_filter=&#8221;none&#8221; column_shadow=&#8221;none&#8221; column_border_radius=&#8221;none&#8221; column_link_target=&#8221;_self&#8221; column_position=&#8221;default&#8221; gradient_direction=&#8221;left_to_right&#8221; overlay_strength=&#8221;0.3&#8243; width=&#8221;1\/1&#8243; tablet_width_inherit=&#8221;default&#8221; animation_type=&#8221;default&#8221; bg_image_animation=&#8221;none&#8221; border_type=&#8221;simple&#8221; column_border_width=&#8221;none&#8221; column_border_style=&#8221;solid&#8221;][vc_column_text]\n\n<h2 class=\"wp-block-heading\">Who We Are<\/h2>\n<p><\/p>Na\u0161e webov\u00e1 adresa je: www.essenses.cz\n<p><\/p><p><\/p>\n\n<h2 class=\"wp-block-heading\">Comments<\/h2>\n<p><\/p>Kdy\u017e n\u00e1v\u0161t\u011bvn\u00edci zanechaj\u00ed koment\u00e1\u0159 na str\u00e1nk\u00e1ch, shroma\u017e\u010fujeme \u00fadaje zobrazen\u00e9 ve formul\u00e1\u0159i koment\u00e1\u0159e, stejn\u011b jako IP adresu n\u00e1v\u0161t\u011bvn\u00edka a&nbsp;\u0159et\u011bzec u\u017eivatelsk\u00e9ho agenta prohl\u00ed\u017ee\u010de, abychom pomohli s&nbsp;detekc\u00ed spamu.\n<p><\/p>Anonymizovan\u00fd \u0159et\u011bzec vytvo\u0159en\u00fd z&nbsp;va\u0161\u00ed e-mailov\u00e9 adresy (tak\u00e9 naz\u00fdvan\u00fd hash) m\u016f\u017ee b\u00fdt poskytnut slu\u017eb\u011b Gravatar, aby se zjistilo, zda ji pou\u017e\u00edv\u00e1te. Z\u00e1sady ochrany soukrom\u00ed slu\u017eby Gravatar jsou dostupn\u00e9 zde:\u00a0<a href=\"https:\/\/automattic.com\/privacy\/\" target=\"_blank\" rel=\"noopener\">https:\/\/automattic.com\/privacy\/<\/a>. Po schv\u00e1len\u00ed va\u0161eho koment\u00e1\u0159e bude v\u00e1\u0161 profilov\u00fd obr\u00e1zek viditeln\u00fd ve\u0159ejnosti v&nbsp;kontextu va\u0161eho koment\u00e1\u0159e.\n<p><\/p><p><\/p>\n\n<h2 class=\"wp-block-heading\">Media<\/h2>\n<p><\/p>Pokud nahrajete obr\u00e1zky na web, m\u011bli byste se vyhnout nahr\u00e1v\u00e1n\u00ed obr\u00e1zk\u016f s&nbsp;vlo\u017een\u00fdmi \u00fadaji o&nbsp;poloze (EXIF GPS). N\u00e1v\u0161t\u011bvn\u00edci webu mohou st\u00e1hnout a&nbsp;extrahovat jak\u00e9koli \u00fadaje o&nbsp;poloze z&nbsp;obr\u00e1zk\u016f na webu.\n<p><\/p><p><\/p>\n\n<h2 class=\"wp-block-heading\">Cookies<\/h2>\n<p><\/p>Pokud zanech\u00e1te koment\u00e1\u0159 na na\u0161ich str\u00e1nk\u00e1ch, m\u016f\u017eete se rozhodnout pro ulo\u017een\u00ed va\u0161eho jm\u00e9na, e-mailov\u00e9 adresy a&nbsp;webu do cookies. Tyto cookies slou\u017e\u00ed pro va\u0161e pohodl\u00ed, abyste nemuseli znovu vypl\u0148ovat sv\u00e9 \u00fadaje p\u0159i zanech\u00e1n\u00ed dal\u0161\u00edho koment\u00e1\u0159e. Tyto cookies vydr\u017e\u00ed jeden rok.\n<p><\/p>Pokud nav\u0161t\u00edv\u00edte na\u0161i p\u0159ihla\u0161ovac\u00ed str\u00e1nku, nastav\u00edme do\u010dasn\u00fd cookie, aby zjistil, zda v\u00e1\u0161 prohl\u00ed\u017ee\u010d p\u0159ij\u00edm\u00e1 cookies. Tento cookie neobsahuje \u017e\u00e1dn\u00e9 osobn\u00ed \u00fadaje a&nbsp;bude odstran\u011bn, jakmile zav\u0159ete prohl\u00ed\u017ee\u010d.\n<p><\/p>Kdy\u017e se p\u0159ihl\u00e1s\u00edte, nastav\u00edme tak\u00e9 n\u011bkolik cookies pro ulo\u017een\u00ed va\u0161ich p\u0159ihla\u0161ovac\u00edch \u00fadaj\u016f a&nbsp;va\u0161ich voleb zobrazen\u00ed na obrazovce. P\u0159ihla\u0161ovac\u00ed cookies vydr\u017e\u00ed dva dny a&nbsp;cookies pro nastaven\u00ed obrazovky jeden rok. Pokud vyberete mo\u017enost \u201eZapamatovat si m\u011b\u201c, va\u0161e p\u0159ihl\u00e1\u0161en\u00ed vydr\u017e\u00ed dva t\u00fddny. Pokud se odhl\u00e1s\u00edte, p\u0159ihla\u0161ovac\u00ed cookies budou odstran\u011bny.\n<p><\/p>Pokud uprav\u00edte nebo publikujete \u010dl\u00e1nek, dal\u0161\u00ed cookie bude ulo\u017eena ve va\u0161em prohl\u00ed\u017ee\u010di. Tento cookie neobsahuje \u017e\u00e1dn\u00e9 osobn\u00ed \u00fadaje a&nbsp;pouze ozna\u010duje ID p\u0159\u00edsp\u011bvku \u010dl\u00e1nku, kter\u00fd jste pr\u00e1v\u011b upravili. Vypr\u0161\u00ed po jednom dni.\n<p><\/p><p><\/p>\n\n<h2 class=\"wp-block-heading\">Embedded Content from Other Websites<\/h2>\n<p><\/p>\u010cl\u00e1nky na tomto webu mohou obsahovat vlo\u017een\u00fd obsah (nap\u0159. videa, obr\u00e1zky, \u010dl\u00e1nky atd.). Vlo\u017een\u00fd obsah z&nbsp;jin\u00fdch webov\u00fdch str\u00e1nek se chov\u00e1 stejn\u00fdm zp\u016fsobem, jako by n\u00e1v\u0161t\u011bvn\u00edk nav\u0161t\u00edvil jinou webovou str\u00e1nku.\n<p><\/p>Tyto webov\u00e9 str\u00e1nky mohou shroma\u017e\u010fovat \u00fadaje o&nbsp;v\u00e1s, pou\u017e\u00edvat cookies, vkl\u00e1dat dal\u0161\u00ed sledov\u00e1n\u00ed t\u0159et\u00edch stran a&nbsp;monitorovat va\u0161i interakci s&nbsp;vlo\u017een\u00fdm obsahem, v\u010detn\u011b sledov\u00e1n\u00ed va\u0161\u00ed interakce s&nbsp;vlo\u017een\u00fdm obsahem, pokud m\u00e1te \u00fa\u010det a&nbsp;jste na dan\u00e9 webov\u00e9 str\u00e1nce p\u0159ihl\u00e1\u0161eni.\n<p><\/p><p><\/p>\n\n<h2 class=\"wp-block-heading\">Who We Share Your Data With<\/h2>\n<p><\/p>Pokud po\u017e\u00e1d\u00e1te o&nbsp;obnoven\u00ed hesla, va\u0161e IP adresa bude zahrnuta do e-mailu s&nbsp;obnoven\u00edm hesla.\n<p><\/p><p><\/p>\n\n<h2 class=\"wp-block-heading\">How Long We Retain Your Data<\/h2>\n<p><\/p>Pokud zanech\u00e1te koment\u00e1\u0159, koment\u00e1\u0159 a&nbsp;jeho metadata jsou uchov\u00e1v\u00e1ny na dobu neur\u010ditou. To je proto, abychom mohli automaticky rozpoznat a&nbsp;schv\u00e1lit jak\u00e9koliv n\u00e1sledn\u00e9 koment\u00e1\u0159e, m\u00edsto toho, abychom je dr\u017eeli v&nbsp;\u010dekac\u00ed front\u011b.\n<p><\/p>Pro u\u017eivatele, kte\u0159\u00ed se zaregistruj\u00ed na na\u0161em webu (pokud jsou), tak\u00e9 ukl\u00e1d\u00e1me osobn\u00ed \u00fadaje, kter\u00e9 poskytli ve sv\u00e9m u\u017eivatelsk\u00e9m profilu. V\u0161ichni u\u017eivatel\u00e9 mohou kdykoliv vid\u011bt, upravit nebo smazat sv\u00e9 osobn\u00ed \u00fadaje (s&nbsp;v\u00fdjimkou zm\u011bny u\u017eivatelsk\u00e9ho jm\u00e9na). Spr\u00e1vci webov\u00fdch str\u00e1nek tak\u00e9 mohou tyto informace vid\u011bt a&nbsp;upravovat.\n<p><\/p><p><\/p>\n\n<h2 class=\"wp-block-heading\">What Rights You Have Over Your Data<\/h2>\n<p><\/p>Pokud m\u00e1te na tomto webu \u00fa\u010det nebo jste zanechali koment\u00e1\u0159e, m\u016f\u017eete po\u017e\u00e1dat o&nbsp;obdr\u017een\u00ed exportovan\u00e9ho souboru osobn\u00edch \u00fadaj\u016f, kter\u00e9 o&nbsp;v\u00e1s uchov\u00e1v\u00e1me, v\u010detn\u011b \u00fadaj\u016f, kter\u00e9 jste n\u00e1m poskytli. M\u016f\u017eete tak\u00e9 po\u017e\u00e1dat o&nbsp;vymaz\u00e1n\u00ed jak\u00fdchkoli osobn\u00edch \u00fadaj\u016f, kter\u00e9 o&nbsp;v\u00e1s uchov\u00e1v\u00e1me. To nezahrnuje \u017e\u00e1dn\u00e1 data, kter\u00e1 jsme povinni uchov\u00e1vat pro administrativn\u00ed, pr\u00e1vn\u00ed nebo bezpe\u010dnostn\u00ed \u00fa\u010dely.\n<p><\/p><p><\/p>\n\n<h2 class=\"wp-block-heading\">Where We Send Your Data<\/h2>\n<p><\/p>Koment\u00e1\u0159e n\u00e1v\u0161t\u011bvn\u00edk\u016f mohou b\u00fdt kontrolov\u00e1ny prost\u0159ednictv\u00edm automatizovan\u00e9 slu\u017eby detekce spamu.\n<p><\/p>[\/vc_column_text][\/vc_column][\/vc_row]\n","protected":false},"excerpt":{"rendered":"<p>[vc_row type=&#8221;full_width_content&#8221; full_screen_row_position=&#8221;middle&#8221; column_margin=&#8221;default&#8221; equal_height=&#8221;yes&#8221; content_placement=&#8221;middle&#8221; column_direction=&#8221;default&#8221; column_direction_tablet=&#8221;default&#8221; column_direction_phone=&#8221;default&#8221; scene_position=&#8221;center&#8221; top_padding=&#8221;8%&#8221; bottom_padding=&#8221;10%&#8221; left_padding_desktop=&#8221;6%&#8221; constrain_group_2=&#8221;yes&#8221; right_padding_desktop=&#8221;6%&#8221; top_padding_tablet=&#8221;20%&#8221; top_padding_phone=&#8221;25%&#8221; text_color=&#8221;dark&#8221; text_align=&#8221;left&#8221; row_border_radius=&#8221;none&#8221; row_border_radius_applies=&#8221;bg&#8221; zindex=&#8221;100&#8243; overflow=&#8221;visible&#8221; advanced_gradient_angle=&#8221;0&#8243; overlay_strength=&#8221;0.3&#8243; gradient_direction=&#8221;left_to_right&#8221; shape_divider_position=&#8221;bottom&#8221; bg_image_animation=&#8221;fade-in&#8221; gradient_type=&#8221;default&#8221; shape_type=&#8221;&#8221;][vc_column&#8230;<\/p>\n","protected":false},"author":1,"featured_media":0,"parent":0,"menu_order":0,"comment_status":"closed","ping_status":"open","template":"","meta":{"footnotes":""},"class_list":["post-1583","page","type-page","status-publish"],"_links":{"self":[{"href":"https:\/\/essenses.cz\/en\/wp-json\/wp\/v2\/pages\/1583","targetHints":{"allow":["GET"]}}],"collection":[{"href":"https:\/\/essenses.cz\/en\/wp-json\/wp\/v2\/pages"}],"about":[{"href":"https:\/\/essenses.cz\/en\/wp-json\/wp\/v2\/types\/page"}],"author":[{"embeddable":true,"href":"https:\/\/essenses.cz\/en\/wp-json\/wp\/v2\/users\/1"}],"replies":[{"embeddable":true,"href":"https:\/\/essenses.cz\/en\/wp-json\/wp\/v2\/comments?post=1583"}],"version-history":[{"count":1,"href":"https:\/\/essenses.cz\/en\/wp-json\/wp\/v2\/pages\/1583\/revisions"}],"predecessor-version":[{"id":1584,"href":"https:\/\/essenses.cz\/en\/wp-json\/wp\/v2\/pages\/1583\/revisions\/1584"}],"wp:attachment":[{"href":"https:\/\/essenses.cz\/en\/wp-json\/wp\/v2\/media?parent=1583"}],"curies":[{"name":"wp","href":"https:\/\/api.w.org\/{rel}","templated":true}]}}